{"id":125,"date":"2022-08-09T17:08:54","date_gmt":"2022-08-09T15:08:54","guid":{"rendered":"http:\/\/etchegorry-avocat.fr\/?page_id=125"},"modified":"2024-01-26T10:51:37","modified_gmt":"2024-01-26T09:51:37","slug":"le-cabinet","status":"publish","type":"page","link":"https:\/\/etchegorry-avocat.fr\/index.php\/le-cabinet\/","title":{"rendered":"Le cabinet"},"content":{"rendered":"\n<div class=\"wp-block-columns is-layout-flex wp-container-core-columns-is-layout-9d6595d7 wp-block-columns-is-layout-flex\">\n<div class=\"wp-block-column is-vertically-aligned-center is-layout-flow wp-block-column-is-layout-flow\" style=\"flex-basis:66.66%\">\n<p style=\"letter-spacing:0px\"><strong>Le cabinet s&rsquo;engage pour la d\u00e9fense des victimes de dommages corporels<\/strong> : accidents de la circulation, accidents m\u00e9dicaux, agressions, accidents de la vie. <\/p>\n\n\n\n<p style=\"letter-spacing:0px\">Titulaire d&rsquo;un Master 2 en droit du dommage corporel, <strong>Ma\u00eetre Camille ETCHEGORRY<\/strong>, exer\u00e7ant \u00e0 titre individuel, a fait du principe de la r\u00e9paration int\u00e9grale des pr\u00e9judices son cheval de bataille. <\/p>\n\n\n\n<p style=\"letter-spacing:0px\">Le cabinet accompagne les victimes tout au long de la proc\u00e9dure d&rsquo;indemnisation, amiable ou judiciaire, afin d&rsquo;obtenir la meilleure indemnisation possible. <\/p>\n\n\n\n<p> <\/p>\n\n\n\n<div class=\"wp-block-buttons has-custom-font-size has-small-font-size is-content-justification-center is-layout-flex wp-container-core-buttons-is-layout-16018d1d wp-block-buttons-is-layout-flex\">\n<div class=\"wp-block-button has-custom-font-size is-style-outline is-style-outline--1\" style=\"font-size:12px\"><a class=\"wp-block-button__link has-headings-color has-sitebg-background-color has-text-color has-background has-link-color has-text-align-center wp-element-button\" href=\"https:\/\/etchegorry-avocat.fr\/index.php\/contact\/\" style=\"border-radius:0px\">Nous contacter<\/a><\/div>\n<\/div>\n\n\n\n<p> <\/p>\n<\/div>\n\n\n\n<div class=\"wp-block-column is-layout-flow wp-block-column-is-layout-flow\" style=\"flex-basis:33.33%\"><div class=\"wp-block-image\">\n<figure class=\"aligncenter size-large\"><img loading=\"lazy\" decoding=\"async\" width=\"792\" height=\"1024\" src=\"https:\/\/etchegorry-avocat.fr\/wp-content\/uploads\/2022\/08\/IMG_7168-3-3-792x1024.jpeg\" alt=\"\" class=\"wp-image-137\" srcset=\"https:\/\/etchegorry-avocat.fr\/wp-content\/uploads\/2022\/08\/IMG_7168-3-3-792x1024.jpeg 792w, https:\/\/etchegorry-avocat.fr\/wp-content\/uploads\/2022\/08\/IMG_7168-3-3-232x300.jpeg 232w, https:\/\/etchegorry-avocat.fr\/wp-content\/uploads\/2022\/08\/IMG_7168-3-3-768x993.jpeg 768w, https:\/\/etchegorry-avocat.fr\/wp-content\/uploads\/2022\/08\/IMG_7168-3-3-1188x1536.jpeg 1188w, https:\/\/etchegorry-avocat.fr\/wp-content\/uploads\/2022\/08\/IMG_7168-3-3-1584x2048.jpeg 1584w, https:\/\/etchegorry-avocat.fr\/wp-content\/uploads\/2022\/08\/IMG_7168-3-3-scaled.jpeg 1980w\" sizes=\"auto, (max-width: 792px) 100vw, 792px\" \/><\/figure>\n<\/div><\/div>\n<\/div>\n","protected":false},"excerpt":{"rendered":"<p>Le cabinet s&rsquo;engage pour la d\u00e9fense des victimes de dommages corporels : accidents de la circulation, accidents m\u00e9dicaux, agressions, accidents de la vie. Titulaire d&rsquo;un &hellip;<\/p>\n","protected":false},"author":1,"featured_media":0,"parent":0,"menu_order":0,"comment_status":"closed","ping_status":"closed","template":"","meta":{"om_disable_all_campaigns":false,"_mi_skip_tracking":false,"_monsterinsights_sitenote_active":false,"_monsterinsights_sitenote_note":"","_monsterinsights_sitenote_category":0,"footnotes":""},"class_list":["post-125","page","type-page","status-publish","hentry"],"aioseo_notices":[],"_links":{"self":[{"href":"https:\/\/etchegorry-avocat.fr\/index.php\/wp-json\/wp\/v2\/pages\/125","targetHints":{"allow":["GET"]}}],"collection":[{"href":"https:\/\/etchegorry-avocat.fr\/index.php\/wp-json\/wp\/v2\/pages"}],"about":[{"href":"https:\/\/etchegorry-avocat.fr\/index.php\/wp-json\/wp\/v2\/types\/page"}],"author":[{"embeddable":true,"href":"https:\/\/etchegorry-avocat.fr\/index.php\/wp-json\/wp\/v2\/users\/1"}],"replies":[{"embeddable":true,"href":"https:\/\/etchegorry-avocat.fr\/index.php\/wp-json\/wp\/v2\/comments?post=125"}],"version-history":[{"count":12,"href":"https:\/\/etchegorry-avocat.fr\/index.php\/wp-json\/wp\/v2\/pages\/125\/revisions"}],"predecessor-version":[{"id":193,"href":"https:\/\/etchegorry-avocat.fr\/index.php\/wp-json\/wp\/v2\/pages\/125\/revisions\/193"}],"wp:attachment":[{"href":"https:\/\/etchegorry-avocat.fr\/index.php\/wp-json\/wp\/v2\/media?parent=125"}],"curies":[{"name":"wp","href":"https:\/\/api.w.org\/{rel}","templated":true}]}}